{"id":4788,"date":"2023-12-07T11:43:05","date_gmt":"2023-12-07T10:43:05","guid":{"rendered":"http:\/\/www.deutsch-langhaar-nord.de\/?page_id=4788"},"modified":"2023-12-08T07:54:16","modified_gmt":"2023-12-08T06:54:16","slug":"home-copy","status":"publish","type":"page","link":"https:\/\/www.deutsch-langhaar-nord.de\/?page_id=4788","title":{"rendered":"Links"},"content":{"rendered":"\t\t<div data-elementor-type=\"wp-page\" data-elementor-id=\"4788\" class=\"elementor elementor-4788\" data-elementor-settings=\"{&quot;ha_cmc_init_switcher&quot;:&quot;no&quot;}\">\n\t\t\t\t\t\t<section class=\"elementor-section elementor-top-section elementor-element elementor-element-2d02705e elementor-section-full_width elementor-section-stretched elementor-section-height-min-height elementor-section-items-top elementor-section-height-default wpr-particle-no wpr-jarallax-no wpr-parallax-no wpr-sticky-section-no wpr-equal-height-no\" data-id=\"2d02705e\" data-element_type=\"section\" data-e-type=\"section\" data-settings=\"{&quot;stretch_section&quot;:&quot;section-stretched&quot;,&quot;background_background&quot;:&quot;slideshow&quot;,&quot;shape_divider_bottom&quot;:&quot;opacity-tilt&quot;,&quot;shape_divider_top&quot;:&quot;opacity-tilt&quot;,&quot;background_slideshow_lazyload&quot;:&quot;yes&quot;,&quot;background_slideshow_ken_burns&quot;:&quot;yes&quot;,&quot;background_slideshow_gallery&quot;:[],&quot;background_slideshow_loop&quot;:&quot;yes&quot;,&quot;background_slideshow_slide_duration&quot;:5000,&quot;background_slideshow_slide_transition&quot;:&quot;fade&quot;,&quot;background_slideshow_transition_duration&quot;:500,&quot;background_slideshow_ken_burns_zoom_direction&quot;:&quot;in&quot;,&quot;_ha_eqh_enable&quot;:false}\">\n\t\t\t\t\t\t\t<div class=\"elementor-background-overlay\"><\/div>\n\t\t\t\t\t\t<div class=\"elementor-shape elementor-shape-top\" aria-hidden=\"true\" data-negative=\"false\">\n\t\t\t<svg xmlns=\"http:\/\/www.w3.org\/2000\/svg\" viewBox=\"0 0 2600 131.1\" preserveAspectRatio=\"none\">\n\t<path class=\"elementor-shape-fill\" d=\"M0 0L2600 0 2600 69.1 0 0z\"\/>\n\t<path class=\"elementor-shape-fill\" style=\"opacity:0.5\" d=\"M0 0L2600 0 2600 69.1 0 69.1z\"\/>\n\t<path class=\"elementor-shape-fill\" style=\"opacity:0.25\" d=\"M2600 0L0 0 0 130.1 2600 69.1z\"\/>\n<\/svg>\t\t<\/div>\n\t\t\t\t<div class=\"elementor-shape elementor-shape-bottom\" aria-hidden=\"true\" data-negative=\"false\">\n\t\t\t<svg xmlns=\"http:\/\/www.w3.org\/2000\/svg\" viewBox=\"0 0 2600 131.1\" preserveAspectRatio=\"none\">\n\t<path class=\"elementor-shape-fill\" d=\"M0 0L2600 0 2600 69.1 0 0z\"\/>\n\t<path class=\"elementor-shape-fill\" style=\"opacity:0.5\" d=\"M0 0L2600 0 2600 69.1 0 69.1z\"\/>\n\t<path class=\"elementor-shape-fill\" style=\"opacity:0.25\" d=\"M2600 0L0 0 0 130.1 2600 69.1z\"\/>\n<\/svg>\t\t<\/div>\n\t\t\t\t\t<div class=\"elementor-container elementor-column-gap-custom\">\n\t\t\t\t\t<div class=\"elementor-column elementor-col-100 elementor-top-column elementor-element elementor-element-54958f70\" data-id=\"54958f70\" data-element_type=\"column\" data-e-type=\"column\" data-settings=\"{&quot;background_background&quot;:&quot;classic&quot;}\">\n\t\t\t<div class=\"elementor-widget-wrap elementor-element-populated\">\n\t\t\t\t\t<div class=\"elementor-background-overlay\"><\/div>\n\t\t\t\t\t\t<div class=\"elementor-element elementor-element-4aaa5cf5 elementor-hidden-mobile elementor-widget elementor-widget-text-editor\" data-id=\"4aaa5cf5\" data-element_type=\"widget\" data-e-type=\"widget\" data-widget_type=\"text-editor.default\">\n\t\t\t\t<div class=\"elementor-widget-container\">\n\t\t\t\t\t\t\t\t\t<h1>\u00a0 \u00a0 \u00a0 \u00a0Auf dieser Seite finden Sie weitere Links rund um den Deutsch Langhaar.\u00a0<\/h1>\t\t\t\t\t\t\t\t<\/div>\n\t\t\t\t<\/div>\n\t\t\t\t<div class=\"elementor-element elementor-element-01554b2 elementor-widget elementor-widget-heading\" data-id=\"01554b2\" data-element_type=\"widget\" data-e-type=\"widget\" data-widget_type=\"heading.default\">\n\t\t\t\t<div class=\"elementor-widget-container\">\n\t\t\t\t\t<h1 class=\"elementor-heading-title elementor-size-default\"><br>\n<br>\n<br><\/h1>\t\t\t\t<\/div>\n\t\t\t\t<\/div>\n\t\t\t\t<div class=\"elementor-element elementor-element-dc4f558 elementor-widget__width-initial ha-has-bg-overlay elementor-widget elementor-widget-ha-link-hover happy-addon ha-link-hover\" data-id=\"dc4f558\" data-element_type=\"widget\" data-e-type=\"widget\" data-widget_type=\"ha-link-hover.default\">\n\t\t\t\t<div class=\"elementor-widget-container\">\n\t\t\t\t\t        <link-hover class=\"ha_content__item\">\n            <a href=\"https:\/\/www.deutsch-langhaar-verband.de\/\" class=\"ha-link ha-link--elara\"   rel=\"nofollow\">\n                <span>Verband Deutsch Langhaar<\/span>\n            <\/a>\n        <\/link-hover>\t\t\t\t<\/div>\n\t\t\t\t<\/div>\n\t\t\t\t<div class=\"elementor-element elementor-element-d1af82b elementor-widget__width-initial elementor-widget elementor-widget-ha-link-hover happy-addon ha-link-hover\" data-id=\"d1af82b\" data-element_type=\"widget\" data-e-type=\"widget\" data-widget_type=\"ha-link-hover.default\">\n\t\t\t\t<div class=\"elementor-widget-container\">\n\t\t\t\t\t        <link-hover class=\"ha_content__item\">\n            <a href=\"https:\/\/www.dl-altbayern.de\" class=\"ha-link ha-link--elara\"   rel=\"nofollow\">\n                <span>Verein Altbayern<\/span>\n            <\/a>\n        <\/link-hover>\t\t\t\t<\/div>\n\t\t\t\t<\/div>\n\t\t\t\t<div class=\"elementor-element elementor-element-ee94880 elementor-widget__width-initial elementor-widget elementor-widget-ha-link-hover happy-addon ha-link-hover\" data-id=\"ee94880\" data-element_type=\"widget\" data-e-type=\"widget\" data-widget_type=\"ha-link-hover.default\">\n\t\t\t\t<div class=\"elementor-widget-container\">\n\t\t\t\t\t        <link-hover class=\"ha_content__item\">\n            <a href=\"https:\/\/www.deutsch-langhaarverein-bw.de\/\" class=\"ha-link ha-link--elara\"   rel=\"nofollow\">\n                <span>Verein Baden-W\u00fcrttemberg<\/span>\n            <\/a>\n        <\/link-hover>\t\t\t\t<\/div>\n\t\t\t\t<\/div>\n\t\t\t\t<div class=\"elementor-element elementor-element-22b0def elementor-widget__width-initial elementor-widget elementor-widget-ha-link-hover happy-addon ha-link-hover\" data-id=\"22b0def\" data-element_type=\"widget\" data-e-type=\"widget\" data-widget_type=\"ha-link-hover.default\">\n\t\t\t\t<div class=\"elementor-widget-container\">\n\t\t\t\t\t        <link-hover class=\"ha_content__item\">\n            <a href=\"https:\/\/www.deutschlanghaar.de\" class=\"ha-link ha-link--elara\"   rel=\"nofollow\">\n                <span>Gruppe Schleswig-Holstein<\/span>\n            <\/a>\n        <\/link-hover>\t\t\t\t<\/div>\n\t\t\t\t<\/div>\n\t\t\t\t<div class=\"elementor-element elementor-element-4a3c07c elementor-widget__width-initial elementor-widget elementor-widget-ha-link-hover happy-addon ha-link-hover\" data-id=\"4a3c07c\" data-element_type=\"widget\" data-e-type=\"widget\" data-widget_type=\"ha-link-hover.default\">\n\t\t\t\t<div class=\"elementor-widget-container\">\n\t\t\t\t\t        <link-hover class=\"ha_content__item\">\n            <a href=\"https:\/\/www.deutsch-langhaar-verein-hessen.de\" class=\"ha-link ha-link--elara\"   rel=\"nofollow\">\n                <span>Verein Hessen<\/span>\n            <\/a>\n        <\/link-hover>\t\t\t\t<\/div>\n\t\t\t\t<\/div>\n\t\t\t\t<div class=\"elementor-element elementor-element-47c299b elementor-widget__width-initial elementor-widget elementor-widget-ha-link-hover happy-addon ha-link-hover\" data-id=\"47c299b\" data-element_type=\"widget\" data-e-type=\"widget\" data-widget_type=\"ha-link-hover.default\">\n\t\t\t\t<div class=\"elementor-widget-container\">\n\t\t\t\t\t        <link-hover class=\"ha_content__item\">\n            <a href=\"https:\/\/www.d-l.info\/\" class=\"ha-link ha-link--elara\"   rel=\"nofollow\">\n                <span>Gruppe Weser Ems<\/span>\n            <\/a>\n        <\/link-hover>\t\t\t\t<\/div>\n\t\t\t\t<\/div>\n\t\t\t\t<div class=\"elementor-element elementor-element-a4b39d5 elementor-widget__width-initial elementor-widget elementor-widget-ha-link-hover happy-addon ha-link-hover\" data-id=\"a4b39d5\" data-element_type=\"widget\" data-e-type=\"widget\" data-widget_type=\"ha-link-hover.default\">\n\t\t\t\t<div class=\"elementor-widget-container\">\n\t\t\t\t\t        <link-hover class=\"ha_content__item\">\n            <a href=\"https:\/\/deutsch-langhaar-gruppe-osnabrueck.de\/\" class=\"ha-link ha-link--elara\"   rel=\"nofollow\">\n                <span>Gruppe Osnabr\u00fcck<\/span>\n            <\/a>\n        <\/link-hover>\t\t\t\t<\/div>\n\t\t\t\t<\/div>\n\t\t\t\t<div class=\"elementor-element elementor-element-9ff6589 elementor-widget__width-initial elementor-widget elementor-widget-ha-link-hover happy-addon ha-link-hover\" data-id=\"9ff6589\" data-element_type=\"widget\" data-e-type=\"widget\" data-widget_type=\"ha-link-hover.default\">\n\t\t\t\t<div class=\"elementor-widget-container\">\n\t\t\t\t\t        <link-hover class=\"ha_content__item\">\n            <a href=\"http:\/\/www.deutschlanghaar-nordost.de\/\" class=\"ha-link ha-link--elara\"   rel=\"nofollow\">\n                <span>Verein Nordost (Mecklenburg-Vorpommern)<\/span>\n            <\/a>\n        <\/link-hover>\t\t\t\t<\/div>\n\t\t\t\t<\/div>\n\t\t\t\t<div class=\"elementor-element elementor-element-8153a73 elementor-widget__width-initial elementor-widget elementor-widget-ha-link-hover happy-addon ha-link-hover\" data-id=\"8153a73\" data-element_type=\"widget\" data-e-type=\"widget\" data-widget_type=\"ha-link-hover.default\">\n\t\t\t\t<div class=\"elementor-widget-container\">\n\t\t\t\t\t        <link-hover class=\"ha_content__item\">\n            <a href=\"https:\/\/www.dl-nordwest.de\" class=\"ha-link ha-link--elara\"   rel=\"nofollow\">\n                <span>Gruppe Nordwest<\/span>\n            <\/a>\n        <\/link-hover>\t\t\t\t<\/div>\n\t\t\t\t<\/div>\n\t\t\t\t<div class=\"elementor-element elementor-element-315dd1a elementor-widget__width-initial elementor-widget elementor-widget-ha-link-hover happy-addon ha-link-hover\" data-id=\"315dd1a\" data-element_type=\"widget\" data-e-type=\"widget\" data-widget_type=\"ha-link-hover.default\">\n\t\t\t\t<div class=\"elementor-widget-container\">\n\t\t\t\t\t        <link-hover class=\"ha_content__item\">\n            <a href=\"https:\/\/www.dlrheinland.de\" class=\"ha-link ha-link--elara\"   rel=\"nofollow\">\n                <span>Gruppe Rheinland<\/span>\n            <\/a>\n        <\/link-hover>\t\t\t\t<\/div>\n\t\t\t\t<\/div>\n\t\t\t\t<div class=\"elementor-element elementor-element-ea9e19c elementor-widget__width-initial elementor-widget elementor-widget-ha-link-hover happy-addon ha-link-hover\" data-id=\"ea9e19c\" data-element_type=\"widget\" data-e-type=\"widget\" data-widget_type=\"ha-link-hover.default\">\n\t\t\t\t<div class=\"elementor-widget-container\">\n\t\t\t\t\t        <link-hover class=\"ha_content__item\">\n            <a href=\"https:\/\/www.dlv-sachsen-anhalt.de\" class=\"ha-link ha-link--elara\"   rel=\"nofollow\">\n                <span>Verein Sachsen-Anhalt<\/span>\n            <\/a>\n        <\/link-hover>\t\t\t\t<\/div>\n\t\t\t\t<\/div>\n\t\t\t\t<div class=\"elementor-element elementor-element-8049c55 elementor-widget__width-initial elementor-widget elementor-widget-ha-link-hover happy-addon ha-link-hover\" data-id=\"8049c55\" data-element_type=\"widget\" data-e-type=\"widget\" data-widget_type=\"ha-link-hover.default\">\n\t\t\t\t<div class=\"elementor-widget-container\">\n\t\t\t\t\t        <link-hover class=\"ha_content__item\">\n            <a href=\"https:\/\/www.sueddeutscher-club-langhaar.de\" class=\"ha-link ha-link--elara\"   rel=\"nofollow\">\n                <span>S\u00fcddeutscher Club Langhaar<\/span>\n            <\/a>\n        <\/link-hover>\t\t\t\t<\/div>\n\t\t\t\t<\/div>\n\t\t\t\t<div class=\"elementor-element elementor-element-ae61244 elementor-widget__width-initial elementor-widget elementor-widget-ha-link-hover happy-addon ha-link-hover\" data-id=\"ae61244\" data-element_type=\"widget\" data-e-type=\"widget\" data-widget_type=\"ha-link-hover.default\">\n\t\t\t\t<div class=\"elementor-widget-container\">\n\t\t\t\t\t        <link-hover class=\"ha_content__item\">\n            <a href=\"https:\/\/www.verein-deutsch-langhaar.de\/\" class=\"ha-link ha-link--elara\"   rel=\"nofollow\">\n                <span>Verein Deutsch-Langhaar Brandenburg, Sachsen und Th\u00fcringens<\/span>\n            <\/a>\n        <\/link-hover>\t\t\t\t<\/div>\n\t\t\t\t<\/div>\n\t\t\t\t<div class=\"elementor-element elementor-element-c916cc7 elementor-widget__width-initial elementor-widget elementor-widget-ha-link-hover happy-addon ha-link-hover\" data-id=\"c916cc7\" data-element_type=\"widget\" data-e-type=\"widget\" data-widget_type=\"ha-link-hover.default\">\n\t\t\t\t<div class=\"elementor-widget-container\">\n\t\t\t\t\t        <link-hover class=\"ha_content__item\">\n            <a href=\"http:\/\/www.dl-saar.de\/%20\" class=\"ha-link ha-link--elara\"   rel=\"nofollow\">\n                <span>Verein Saarland<\/span>\n            <\/a>\n        <\/link-hover>\t\t\t\t<\/div>\n\t\t\t\t<\/div>\n\t\t\t\t<div class=\"elementor-element elementor-element-ee0e170 elementor-widget__width-initial elementor-widget elementor-widget-ha-link-hover happy-addon ha-link-hover\" data-id=\"ee0e170\" data-element_type=\"widget\" data-e-type=\"widget\" data-widget_type=\"ha-link-hover.default\">\n\t\t\t\t<div class=\"elementor-widget-container\">\n\t\t\t\t\t        <link-hover class=\"ha_content__item\">\n            <a href=\"\" class=\"ha-link ha-link--elara\"   rel=\"nofollow\">\n                <span><\/span>\n            <\/a>\n        <\/link-hover>\t\t\t\t<\/div>\n\t\t\t\t<\/div>\n\t\t\t\t<div class=\"elementor-element elementor-element-d0af5eb elementor-widget elementor-widget-ha-link-hover happy-addon ha-link-hover\" data-id=\"d0af5eb\" data-element_type=\"widget\" data-e-type=\"widget\" data-widget_type=\"ha-link-hover.default\">\n\t\t\t\t<div class=\"elementor-widget-container\">\n\t\t\t\t\t        <link-hover class=\"ha_content__item\">\n            <a href=\"\" class=\"ha-link ha-link--elara\"   rel=\"nofollow\">\n                <span><\/span>\n            <\/a>\n        <\/link-hover>\t\t\t\t<\/div>\n\t\t\t\t<\/div>\n\t\t\t\t<div class=\"elementor-element elementor-element-f9424ef elementor-widget__width-initial ha-has-bg-overlay elementor-widget elementor-widget-ha-link-hover happy-addon ha-link-hover\" data-id=\"f9424ef\" data-element_type=\"widget\" data-e-type=\"widget\" data-widget_type=\"ha-link-hover.default\">\n\t\t\t\t<div class=\"elementor-widget-container\">\n\t\t\t\t\t        <link-hover class=\"ha_content__item\">\n            <a href=\"\" class=\"ha-link ha-link--elara\"   rel=\"nofollow\">\n                <span>Deutsch Langhaar im Ausland<\/span>\n            <\/a>\n        <\/link-hover>\t\t\t\t<\/div>\n\t\t\t\t<\/div>\n\t\t\t\t<div class=\"elementor-element elementor-element-efe63be elementor-widget__width-initial elementor-widget elementor-widget-ha-link-hover happy-addon ha-link-hover\" data-id=\"efe63be\" data-element_type=\"widget\" data-e-type=\"widget\" data-widget_type=\"ha-link-hover.default\">\n\t\t\t\t<div class=\"elementor-widget-container\">\n\t\t\t\t\t        <link-hover class=\"ha_content__item\">\n            <a href=\"https:\/\/www.langhaarsklubben.dk\" class=\"ha-link ha-link--elara\"   rel=\"nofollow\">\n                <span>D\u00e4nemark<\/span>\n            <\/a>\n        <\/link-hover>\t\t\t\t<\/div>\n\t\t\t\t<\/div>\n\t\t\t\t<div class=\"elementor-element elementor-element-79e9852 elementor-widget__width-initial elementor-widget elementor-widget-ha-link-hover happy-addon ha-link-hover\" data-id=\"79e9852\" data-element_type=\"widget\" data-e-type=\"widget\" data-widget_type=\"ha-link-hover.default\">\n\t\t\t\t<div class=\"elementor-widget-container\">\n\t\t\t\t\t        <link-hover class=\"ha_content__item\">\n            <a href=\"http:\/\/www.pkss.fi\/\" class=\"ha-link ha-link--elara\"   rel=\"nofollow\">\n                <span>Finnland<\/span>\n            <\/a>\n        <\/link-hover>\t\t\t\t<\/div>\n\t\t\t\t<\/div>\n\t\t\t\t<div class=\"elementor-element elementor-element-3400ac0 elementor-widget__width-initial elementor-widget elementor-widget-ha-link-hover happy-addon ha-link-hover\" data-id=\"3400ac0\" data-element_type=\"widget\" data-e-type=\"widget\" data-widget_type=\"ha-link-hover.default\">\n\t\t\t\t<div class=\"elementor-widget-container\">\n\t\t\t\t\t        <link-hover class=\"ha_content__item\">\n            <a href=\"https:\/\/www.nedverlanghaar.nl\" class=\"ha-link ha-link--elara\"   rel=\"nofollow\">\n                <span>Niederlande<\/span>\n            <\/a>\n        <\/link-hover>\t\t\t\t<\/div>\n\t\t\t\t<\/div>\n\t\t\t\t<div class=\"elementor-element elementor-element-c6336ea elementor-widget__width-initial elementor-widget elementor-widget-ha-link-hover happy-addon ha-link-hover\" data-id=\"c6336ea\" data-element_type=\"widget\" data-e-type=\"widget\" data-widget_type=\"ha-link-hover.default\">\n\t\t\t\t<div class=\"elementor-widget-container\">\n\t\t\t\t\t        <link-hover class=\"ha_content__item\">\n            <a href=\"https:\/\/www.deutschlanghaar.at\/\" class=\"ha-link ha-link--elara\"   rel=\"nofollow\">\n                <span>\u00d6sterreich<\/span>\n            <\/a>\n        <\/link-hover>\t\t\t\t<\/div>\n\t\t\t\t<\/div>\n\t\t\t\t<div class=\"elementor-element elementor-element-630093c elementor-widget__width-initial elementor-widget elementor-widget-ha-link-hover happy-addon ha-link-hover\" data-id=\"630093c\" data-element_type=\"widget\" data-e-type=\"widget\" data-widget_type=\"ha-link-hover.default\">\n\t\t\t\t<div class=\"elementor-widget-container\">\n\t\t\t\t\t        <link-hover class=\"ha_content__item\">\n            <a href=\"https:\/\/www.dl-gna.org\" class=\"ha-link ha-link--elara\"   rel=\"nofollow\">\n                <span>Nordamerika<\/span>\n            <\/a>\n        <\/link-hover>\t\t\t\t<\/div>\n\t\t\t\t<\/div>\n\t\t\t\t<div class=\"elementor-element elementor-element-1e78e134 elementor-widget__width-initial elementor-widget elementor-widget-spacer\" data-id=\"1e78e134\" data-element_type=\"widget\" data-e-type=\"widget\" data-widget_type=\"spacer.default\">\n\t\t\t\t<div class=\"elementor-widget-container\">\n\t\t\t\t\t\t\t<div class=\"elementor-spacer\">\n\t\t\t<div class=\"elementor-spacer-inner\"><\/div>\n\t\t<\/div>\n\t\t\t\t\t\t<\/div>\n\t\t\t\t<\/div>\n\t\t\t\t\t<\/div>\n\t\t<\/div>\n\t\t\t\t\t<\/div>\n\t\t<\/section>\n\t\t\t\t<\/div>\n\t\t","protected":false},"excerpt":{"rendered":"<p>\u00a0 \u00a0 \u00a0 \u00a0Auf dieser Seite finden Sie weitere Links rund um den Deutsch Langhaar.\u00a0 Verband Deutsch Langhaar Verein Altbayern Verein Baden-W\u00fcrttemberg Gruppe Schleswig-Holstein Verein Hessen Gruppe Weser Ems Gruppe Osnabr\u00fcck Verein Nordost (Mecklenburg-Vorpommern) Gruppe Nordwest Gruppe Rheinland Verein Sachsen-Anhalt S\u00fcddeutscher Club Langhaar Verein Deutsch-Langhaar Brandenburg, Sachsen und Th\u00fcringens Verein Saarland Deutsch Langhaar im Ausland D\u00e4nemark Finnland Niederlande \u00d6sterreich Nordamerika<\/p>\n","protected":false},"author":1,"featured_media":0,"parent":0,"menu_order":0,"comment_status":"closed","ping_status":"closed","template":"","meta":{"footnotes":""},"class_list":["post-4788","page","type-page","status-publish","hentry"],"_links":{"self":[{"href":"https:\/\/www.deutsch-langhaar-nord.de\/index.php?rest_route=\/wp\/v2\/pages\/4788","targetHints":{"allow":["GET"]}}],"collection":[{"href":"https:\/\/www.deutsch-langhaar-nord.de\/index.php?rest_route=\/wp\/v2\/pages"}],"about":[{"href":"https:\/\/www.deutsch-langhaar-nord.de\/index.php?rest_route=\/wp\/v2\/types\/page"}],"author":[{"embeddable":true,"href":"https:\/\/www.deutsch-langhaar-nord.de\/index.php?rest_route=\/wp\/v2\/users\/1"}],"replies":[{"embeddable":true,"href":"https:\/\/www.deutsch-langhaar-nord.de\/index.php?rest_route=%2Fwp%2Fv2%2Fcomments&post=4788"}],"version-history":[{"count":166,"href":"https:\/\/www.deutsch-langhaar-nord.de\/index.php?rest_route=\/wp\/v2\/pages\/4788\/revisions"}],"predecessor-version":[{"id":5072,"href":"https:\/\/www.deutsch-langhaar-nord.de\/index.php?rest_route=\/wp\/v2\/pages\/4788\/revisions\/5072"}],"wp:attachment":[{"href":"https:\/\/www.deutsch-langhaar-nord.de\/index.php?rest_route=%2Fwp%2Fv2%2Fmedia&parent=4788"}],"curies":[{"name":"wp","href":"https:\/\/api.w.org\/{rel}","templated":true}]}}